{"id":4087,"date":"2023-11-13T05:43:45","date_gmt":"2023-11-13T05:43:45","guid":{"rendered":"https:\/\/notariaortiz.cl\/?post_type=product&#038;p=4087"},"modified":"2023-12-13T17:28:58","modified_gmt":"2023-12-13T17:28:58","slug":"escrituras-publicas","status":"publish","type":"product","link":"https:\/\/notariaortiz.cl\/index.php\/producto\/escrituras-publicas\/","title":{"rendered":"Escrituras p\u00fablicas"},"content":{"rendered":"<p>Bienvenido a Notar\u00eda Gloria Ortiz, donde hacemos que el proceso de redacci\u00f3n de escrituras p\u00fablicas sea f\u00e1cil y confiable. Las escrituras p\u00fablicas son documentos legales de vital importancia en una variedad de transacciones, desde compraventas hasta testamentos y poderes notariales. En Notar\u00eda Gloria Ortiz, entendemos la importancia de cada escritura p\u00fablica, por lo que ofrecemos un servicio personalizado y profesional para garantizar que sus documentos se redacten con precisi\u00f3n y en cumplimiento con la ley.<\/p>\n<p>Nuestro experimentado equipo en Notar\u00eda Gloria Ortiz est\u00e1 comprometido a guiarlo a trav\u00e9s de cada paso del proceso de redacci\u00f3n de escrituras p\u00fablicas. Nos aseguramos de comprender sus necesidades espec\u00edficas para proporcionarle asesoramiento experto y redactar documentos que reflejen con precisi\u00f3n sus acuerdos legales.<\/p>\n<p>En Notar\u00eda Gloria Ortiz, nos enorgullecemos de ofrecer un servicio eficiente y confiable. Nuestro objetivo es simplificar el proceso para usted, brind\u00e1ndole la tranquilidad de saber que sus documentos est\u00e1n en manos de profesionales capacitados y comprometidos.<\/p>\n<p>Ya sea que necesite una escritura p\u00fablica para una compraventa, un testamento, un poder notarial u otra transacci\u00f3n legal, en Notar\u00eda Gloria Ortiz estamos aqu\u00ed para ayudarlo. Cont\u00e1ctenos hoy mismo para obtener asesoramiento experto y experimente la tranquilidad de tener sus escrituras p\u00fablicas redactadas por profesionales confiables en Notar\u00eda Gloria Ortiz.<\/p>\n<div id=\"divtags\">\n<h1>Compraventas <\/h1>\n<h1>Promesas de compraventa<\/h1>\n<h1>Arrendamientos<\/h1>\n<h1>Cesiones de acciones y derechos<\/h1>\n<h1>Constituciones de sociedades<\/h1>\n<h1>Constituciones de empresas individuales de responsabilidad limitada<\/h1>\n<h1>Mandatos<\/h1>\n<h1>Liquidaciones<\/h1>\n<h1>Testamentos<\/h1>\n<\/div>\n","protected":false},"excerpt":{"rendered":"<p>Bienvenido a Notar\u00eda Gloria Ortiz, donde hacemos que el proceso de redacci\u00f3n de escrituras p\u00fablicas sea f\u00e1cil y confiable. Las escrituras p\u00fablicas son documentos legales de vital importancia en una variedad de transacciones, desde compraventas hasta testamentos y poderes notariales. En Notar\u00eda Gloria Ortiz, entendemos la importancia de cada escritura p\u00fablica, por lo que ofrecemos&#8230;<\/p>\n","protected":false},"featured_media":4088,"template":"","meta":[],"product_brand":[],"product_cat":[20],"product_tag":[],"class_list":{"0":"post-4087","1":"product","2":"type-product","3":"status-publish","4":"has-post-thumbnail","6":"product_cat-servicios","8":"first","9":"instock","10":"shipping-taxable","11":"product-type-simple"},"_links":{"self":[{"href":"https:\/\/notariaortiz.cl\/index.php\/wp-json\/wp\/v2\/product\/4087","targetHints":{"allow":["GET"]}}],"collection":[{"href":"https:\/\/notariaortiz.cl\/index.php\/wp-json\/wp\/v2\/product"}],"about":[{"href":"https:\/\/notariaortiz.cl\/index.php\/wp-json\/wp\/v2\/types\/product"}],"wp:featuredmedia":[{"embeddable":true,"href":"https:\/\/notariaortiz.cl\/index.php\/wp-json\/wp\/v2\/media\/4088"}],"wp:attachment":[{"href":"https:\/\/notariaortiz.cl\/index.php\/wp-json\/wp\/v2\/media?parent=4087"}],"wp:term":[{"taxonomy":"product_brand","embeddable":true,"href":"https:\/\/notariaortiz.cl\/index.php\/wp-json\/wp\/v2\/product_brand?post=4087"},{"taxonomy":"product_cat","embeddable":true,"href":"https:\/\/notariaortiz.cl\/index.php\/wp-json\/wp\/v2\/product_cat?post=4087"},{"taxonomy":"product_tag","embeddable":true,"href":"https:\/\/notariaortiz.cl\/index.php\/wp-json\/wp\/v2\/product_tag?post=4087"}],"curies":[{"name":"wp","href":"https:\/\/api.w.org\/{rel}","templated":true}]}}